{"id":26478,"date":"2022-09-14T07:42:56","date_gmt":"2022-09-14T05:42:56","guid":{"rendered":"https:\/\/www.muzej-nz-ce.si\/zdrzati-do-zmage\/"},"modified":"2022-09-14T07:42:56","modified_gmt":"2022-09-14T05:42:56","slug":"zdrzati-do-zmage","status":"publish","type":"page","link":"https:\/\/www.muzej-nz-ce.si\/en\/zdrzati-do-zmage\/","title":{"rendered":"&#8230; zdr\u017eati do zmage"},"content":{"rendered":"<p>Vira Gerasymenko, upokojenka, vas Chornozemne, regija Zaporo\u017eje, Ukrajina.<\/p>\n<p>\u00bbSem Ukrajinka in ne bom dala roke oboro\u017eenemu Rusu\u00ab \u2013 tako sem odgovorila ruskemu okupatorju, ki mi je hotel udariti v dlan in govoriti s \u00bbprimerno osebo\u00ab.<\/p>\n<p>Toda najprej.<\/p>\n<p>Bilo je jutro 24. februarja. Kot ponavadi sem \u0161la zjutraj skozi gospodinjska opravila, vklopila televizor. In potem sem zasli\u0161ala stra\u0161no novico: &#8220;Vojna! Rusija je napadla Ukrajino.&#8221; Zdelo se je, da gre za napako. Mislila sem, da se bo ves svet dvignil proti temu in vse bo re\u0161eno. H\u010di ni \u0161la v \u0161olo, ker je dobila navodila, da bo potekala na daljavo in sama sem \u0161la v na\u0161o lokalno trgovino, da kupim kvas. Tam sem videla prodajalce, kako so ponovno ozna\u010devali izdelke, ker so cene to jutro posko\u010dile za dvakrat ali trikrat, ljudje so izpraznili police, kupovali so dobesedno vse. Dva fanta iz Hersona sta prinesla kruh, ki je ostal v trgovini po bombardiranju in povedala, da sta videla kolone tankov na avtocesti Simferopol, ki vodi od \u010congarja do Melitopola.<\/p>\n<p><a href=\"https:\/\/gendermuseum.com\/wp-content\/uploads\/2022\/06\/Gerasymenko-Olena.pdf\" target=\"_blank\" rel=\"noopener\">Njena zgodba<\/a><\/p>\n<p>&nbsp;<\/p>\n<p><strong>\u0414\u043e \u043f\u0435\u0440\u0435\u043c\u043e\u0433\u0438 \u0437\u0430\u043b\u0438\u0448\u0438\u043b\u043e\u0441\u044f&#8230;<\/strong><\/p>\n<p>\u0413\u0435\u0440\u0430\u0441\u0438\u043c\u0435\u043d\u043a\u043e \u0412\u0456\u0440\u0430, \u043f\u0435\u043d\u0441\u0456\u043e\u043d\u0435\u0440\u043a\u0430, \u0421\u0435\u043b\u043e \u0427\u043e\u0440\u043d\u043e\u0437\u0435\u043c\u043d\u0435 \u042f\u043a\u0438\u043c\u0456\u0432\u0441\u044c\u043a\u043e\u0433\u043e \u0440\u0430\u0439\u043e\u043d\u0443 \u0417\u0430\u043f\u043e\u0440\u0456\u0437\u044c\u043a\u043e\u0457 \u043e\u0431\u043b\u0430\u0441\u0442\u0456 \u0423\u043a\u0440\u0430\u0457\u043d\u0430<\/p>\n<p>\u00ab\u042f \u2014 \u0423\u043a\u0440\u0430\u0457\u043d\u043a\u0430, \u0456 \u0440\u0443\u043a\u0438 \u043e\u0437\u0431\u0440\u043e\u0454\u043d\u043e\u043c\u0443 \u0440\u043e\u0441\u0456\u044f\u043d\u0438\u043d\u0443 \u044f \u043d\u0435 \u043f\u043e\u0434\u0430\u043c!\u00bb &#8211; \u0442\u0430\u043a \u0432\u0456\u0434\u043f\u043e\u0432\u0456\u043b\u0430 \u044f \u0440\u0430\u0448\u0438\u0441\u044c\u043a\u043e\u043c\u0443 \u043e\u043a\u0443\u043f\u0430\u043d\u0442\u0443, \u044f\u043a\u0438\u0439 \u0437\u0430\u043f\u0440\u043e\u043f\u043e\u043d\u0443\u0432\u0430\u0432 \u043c\u0435\u043d\u0456 \u00ab\u0434\u0430\u0442\u0438 \u043a\u0440\u0430\u0431\u0430\u00bb \u0442\u0430 \u043f\u043e\u0441\u043f\u0456\u043b\u043a\u0443\u0432\u0430\u0442\u0438\u0441\u044c \u0437 \u00ab\u0430\u0434\u0435\u043a\u0432\u0430\u0442\u043d\u044b\u043c \u0447\u0435\u043b\u043e\u0432\u0435\u043a\u043e\u043c\u00bb. \u0410\u043b\u0435 \u0441\u043f\u043e\u0447\u0430\u0442\u043a\u0443. \u0420\u0430\u043d\u043e\u043a 24 \u043b\u044e\u0442\u043e\u0433\u043e. \u042f\u043a \u0437\u0432\u0438\u0447\u0430\u0439\u043d\u043e \u0437\u0440\u0430\u043d\u043a\u0443 \u043f\u043e\u0440\u0430\u043b\u0430\u0441\u044c \u043f\u043e \u0433\u043e\u0441\u043f\u043e\u0434\u0430\u0440\u0441\u0442\u0432\u0443, \u043d\u0430 \u043a\u0443\u0445\u043d\u0456 \u0432\u043a\u043b\u044e\u0447\u0438\u043b\u0430 \u0442\u0435\u043b\u0435\u0432\u0456\u0437\u043e\u0440. \u0406 \u0436\u0430\u0445\u043b\u0438\u0432\u0430 \u043d\u043e\u0432\u0438\u043d\u0430: \u00ab\u0412\u0456\u0439\u043d\u0430! \u0420\u043e\u0441\u0456\u044f \u043d\u0430\u043f\u0430\u043b\u0430 \u043d\u0430 \u0423\u043a\u0440\u0430\u0457\u043d\u0443\u00bb. \u0412 \u0433\u043e\u043b\u043e\u0432\u0456 \u043d\u0456\u0447\u043e\u0433\u043e \u043d\u0435 \u0432\u043a\u043b\u0430\u0434\u0430\u043b\u043e\u0441\u044c, \u0437\u0434\u0430\u0432\u0430\u043b\u043e\u0441\u044c, \u0449\u043e \u0446\u0435 \u044f\u043a\u0430\u0441\u044c \u043f\u043e\u043c\u0438\u043b\u043a\u0430, \u0437\u0430\u0440\u0430\u0437 \u0437\u0430 \u0434\u0432\u0456 \u0433\u043e\u0434\u0438\u043d\u0438 \u043f\u0456\u0434\u043d\u0456\u043c\u0435\u0442\u044c\u0441\u044f \u0432\u0435\u0441\u044c \u0441\u0432\u0456\u0442 \u0442\u0430 \u0432\u0441\u0435 \u0432\u0438\u0440\u0456\u0448\u0438\u0442\u044c\u0441\u044f. \u0414\u043e\u043d\u044c\u043a\u0430 \u043d\u0435 \u0432\u0438\u0439\u0448\u043b\u0430 \u043d\u0430 \u0440\u043e\u0431\u043e\u0442\u0443 \u0434\u043e \u0448\u043a\u043e\u043b\u0438, \u0431\u043e \u043d\u0430\u0434\u0456\u0439\u0448\u043b\u043e \u0440\u043e\u0437\u043f\u043e\u0440\u044f\u0434\u0436\u0435\u043d\u043d\u044f \u043f\u0440\u043e \u0434\u0438\u0441\u0442\u0430\u043d\u0446\u0456\u0439\u043d\u0443 \u0440\u043e\u0431\u043e\u0442\u0443, \u0430 \u044f \u043f\u0456\u0448\u043b\u0430 \u0434\u043e \u043d\u0430\u0448\u043e\u0457 \u043c\u0456\u0441\u0446\u0435\u0432\u043e\u0457 \u043a\u0440\u0430\u043c\u043d\u0438\u0446\u0456 \u043a\u0443\u043f\u0438\u0442\u0438 \u0434\u0440\u0456\u0436\u0434\u0436\u0456. \u0410 \u0442\u0430\u043c \u0443\u0436\u0435 \u0430\u0436\u0456\u043e\u0442\u0430\u0436. \u041f\u0440\u043e\u0434\u0430\u0432\u0447\u0438\u043d\u0456 \u043f\u0435\u0440\u0435\u043a\u043b\u0435\u044e\u044e\u0442\u044c \u0435\u0442\u0438\u043a\u0435\u0442\u043a\u0438 \u043d\u0430 \u0442\u043e\u0432\u0430\u0440 \u2014 \u0446\u0456\u043d\u0438 \u043f\u0456\u0434\u0441\u043a\u043e\u0447\u0438\u043b\u0438 \u0437\u0440\u0430\u043d\u043a\u0443 \u0443 \u0434\u0432\u0430 \u2014 \u0442\u0440\u0438 \u0440\u0430\u0437\u0438, \u043b\u044e\u0434\u0438 \u0431\u0435\u0440\u0443\u0442\u044c \u0443\u0441\u0435, \u0449\u043e \u0454 \u043d\u0430 \u043f\u0440\u0438\u043b\u0430\u0432\u043a\u0430\u0445, \u043d\u0430\u0432\u0456\u0442\u044c \u043d\u0430\u0439\u043c\u0435\u043d\u0448\u0438\u0439 \u043d\u0435\u043f\u043e\u0442\u0440\u0456\u0431. \u0410 \u0437 \u0441\u0443\u0441\u0456\u0434\u043d\u044c\u043e\u0457 \u0425\u0435\u0440\u0441\u043e\u043d\u0449\u0438\u043d\u0438 \u043f\u0440\u0438\u0457\u0445\u0430\u043b\u0438 \u0434\u0432\u043e\u0454 \u0445\u043b\u043e\u043f\u0446\u0456\u0432, \u044f\u043a\u0456 \u043f\u0440\u0438\u0432\u0435\u0437\u043b\u0438 \u0437\u0430\u043b\u0438\u0448\u043a\u0438 \u0445\u043b\u0456\u0431\u0430 \u0437 \u0440\u043e\u0437\u0431\u043e\u043c\u0431\u043b\u0435\u043d\u043e\u0433\u043e \u043c\u0430\u0433\u0430\u0437\u0438\u043d\u0443 \u0456 \u043f\u043e\u0432\u0456\u0434\u043e\u043c\u0438\u043b\u0438, \u0449\u043e \u0437 \u0427\u043e\u043d\u0433\u0430\u0440\u0443 \u043f\u043e \u0421\u0438\u043c\u0444\u0435\u0440\u043e\u043f\u043e\u043b\u044c\u0441\u044c\u043a\u0456\u0439 \u0442\u0440\u0430\u0441\u0456 \u043d\u0430 \u041c\u0435\u043b\u0456\u0442\u043e\u043f\u043e\u043b\u044c \u0456\u0434\u0443\u0442\u044c \u043a\u043e\u043b\u043e\u043d\u0438 \u0442\u0430\u043d\u043a\u0456\u0432.<\/p>\n<p><a href=\"https:\/\/gendermuseum.com\/wp-content\/uploads\/2022\/06\/%D0%93%D0%B5%D1%80%D0%B0%D1%81%D0%B8%D0%BC%D0%B5%D0%BD%D0%BA%D0%BE-%D0%92%D1%96%D1%80%D0%B0.pdf\" target=\"_blank\" rel=\"noopener\">\u0457\u0457 \u0456\u0441\u0442\u043e\u0440\u0456\u044f<\/a><\/p>\n","protected":false},"excerpt":{"rendered":"<p>Vira Gerasymenko, upokojenka, vas Chornozemne, regija Zaporo\u017eje, Ukrajina. \u00bbSem Ukrajinka in ne bom dala roke oboro\u017eenemu Rusu\u00ab \u2013 tako sem odgovorila ruskemu okupatorju, ki mi je hotel udariti v dlan [&hellip;]<\/p>\n","protected":false},"author":1,"featured_media":26314,"parent":0,"menu_order":0,"comment_status":"open","ping_status":"open","template":"","meta":{"ngg_post_thumbnail":0,"footnotes":""},"class_list":["post-26478","page","type-page","status-publish","has-post-thumbnail","hentry"],"_links":{"self":[{"href":"https:\/\/www.muzej-nz-ce.si\/en\/wp-json\/wp\/v2\/pages\/26478","targetHints":{"allow":["GET"]}}],"collection":[{"href":"https:\/\/www.muzej-nz-ce.si\/en\/wp-json\/wp\/v2\/pages"}],"about":[{"href":"https:\/\/www.muzej-nz-ce.si\/en\/wp-json\/wp\/v2\/types\/page"}],"author":[{"embeddable":true,"href":"https:\/\/www.muzej-nz-ce.si\/en\/wp-json\/wp\/v2\/users\/1"}],"replies":[{"embeddable":true,"href":"https:\/\/www.muzej-nz-ce.si\/en\/wp-json\/wp\/v2\/comments?post=26478"}],"version-history":[{"count":0,"href":"https:\/\/www.muzej-nz-ce.si\/en\/wp-json\/wp\/v2\/pages\/26478\/revisions"}],"wp:featuredmedia":[{"embeddable":true,"href":"https:\/\/www.muzej-nz-ce.si\/en\/wp-json\/wp\/v2\/media\/26314"}],"wp:attachment":[{"href":"https:\/\/www.muzej-nz-ce.si\/en\/wp-json\/wp\/v2\/media?parent=26478"}],"curies":[{"name":"wp","href":"https:\/\/api.w.org\/{rel}","templated":true}]}}