{"id":26484,"date":"2019-03-04T09:13:38","date_gmt":"2019-03-04T08:13:38","guid":{"rendered":"https:\/\/www.muzej-nz-ce.si\/mission\/"},"modified":"2026-03-20T10:00:34","modified_gmt":"2026-03-20T09:00:34","slug":"mission","status":"publish","type":"page","link":"https:\/\/www.muzej-nz-ce.si\/en\/mission\/","title":{"rendered":"Mission"},"content":{"rendered":"\t\t<div data-elementor-type=\"wp-page\" data-elementor-id=\"26484\" class=\"elementor elementor-26484 elementor-23230\" data-elementor-post-type=\"page\">\n\t\t\t\t<div class=\"elementor-element elementor-element-ad87d27 e-flex e-con-boxed e-con e-parent\" data-id=\"ad87d27\" data-element_type=\"container\" data-e-type=\"container\" data-settings=\"{&quot;background_background&quot;:&quot;classic&quot;}\">\n\t\t\t\t\t<div class=\"e-con-inner\">\n\t\t<div class=\"elementor-element elementor-element-b191252 e-con-full e-flex e-con e-child\" data-id=\"b191252\" data-element_type=\"container\" data-e-type=\"container\">\n\t\t\t\t<div class=\"elementor-element elementor-element-2c82889 elementor-widget elementor-widget-heading\" data-id=\"2c82889\" data-element_type=\"widget\" data-e-type=\"widget\" data-widget_type=\"heading.default\">\n\t\t\t\t<div class=\"elementor-widget-container\">\n\t\t\t\t\t<h2 class=\"elementor-heading-title elementor-size-default\">Mission<\/h2>\t\t\t\t<\/div>\n\t\t\t\t<\/div>\n\t\t\t\t<\/div>\n\t\t\t\t\t<\/div>\n\t\t\t\t<\/div>\n\t\t<div class=\"elementor-element elementor-element-66dd272c e-flex e-con-boxed e-con e-parent\" data-id=\"66dd272c\" data-element_type=\"container\" data-e-type=\"container\">\n\t\t\t\t\t<div class=\"e-con-inner\">\n\t\t\t\t<div class=\"elementor-element elementor-element-f1faa40 elementor-widget elementor-widget-text-editor\" data-id=\"f1faa40\" data-element_type=\"widget\" data-e-type=\"widget\" data-widget_type=\"text-editor.default\">\n\t\t\t\t<div class=\"elementor-widget-container\">\n\t\t\t\t\t\t\t\t\t<p>Poslanstvo Muzeja novej\u0161e zgodovine Celje je trajno in nemoteno izvajanje javne slu\u017ebe varovanja, ohranjanja, raziskovanja, predstavljanja in populariziranja premi\u010dne kulturne dedi\u0161\u010dine s podro\u010dja zgodovine in etnologije od za\u010detka 20. stoletja dalje. Muzej v skladu s pravili in cilji muzejske stroke skrbi za premi\u010dno kulturno dedi\u0161\u010dino Celja in celjske regije ter jo predstavlja naj\u0161ir\u0161emu krogu javnosti. Vsebinsko podro\u010dje delovanja zajema preplet novej\u0161e nacionalne in regionalne zgodovine ter etnologije s sodobnostjo in aktualnostjo. Na tem izhodi\u0161\u010du temeljijo tako zbiralna politika in muzejske zbirke kot tudi ostala pestra popularizacijska dejavnost in muzejska ponudba. Pomembno pozornost z dodatnimi pedago\u0161kimi programi in aktivnostmi muzej namenja mlaj\u0161im obiskovalcem muzeja.<\/p><p>Muzej novej\u0161e zgodovine Celje, ki ima sprejet strate\u0161ki dokument svojega delovanja, je znanstvenoraziskovalna in vzgojno-izobra\u017eevalna ustanova hkrati. Z o\u017eivljanjem predmetov in njihovih zgodb razjasnjuje preteklost, pomaga pri razumevanju sedanjosti in soustvarjanju prihodnosti.\u00a0 Je prostor spoznavanja, u\u010denja, dru\u017eenja in razmi\u0161ljanja.<\/p>\t\t\t\t\t\t\t\t<\/div>\n\t\t\t\t<\/div>\n\t\t\t\t\t<\/div>\n\t\t\t\t<\/div>\n\t\t\t\t<\/div>\n\t\t","protected":false},"excerpt":{"rendered":"<p>Poslanstvo Muzeja novej\u0161e zgodovine Celje je trajno in nemoteno izvajanje javne slu\u017ebe varovanja, ohranjanja, raziskovanja, predstavljanja in populariziranja premi\u010dne kulturne dedi\u0161\u010dine s podro\u010dja zgodovine in etnologije od za\u010detka 20. stoletja [&hellip;]<\/p>\n","protected":false},"author":1,"featured_media":0,"parent":0,"menu_order":1,"comment_status":"closed","ping_status":"closed","template":"elementor_header_footer","meta":{"ngg_post_thumbnail":0,"footnotes":""},"class_list":["post-26484","page","type-page","status-publish","hentry"],"_links":{"self":[{"href":"https:\/\/www.muzej-nz-ce.si\/en\/wp-json\/wp\/v2\/pages\/26484","targetHints":{"allow":["GET"]}}],"collection":[{"href":"https:\/\/www.muzej-nz-ce.si\/en\/wp-json\/wp\/v2\/pages"}],"about":[{"href":"https:\/\/www.muzej-nz-ce.si\/en\/wp-json\/wp\/v2\/types\/page"}],"author":[{"embeddable":true,"href":"https:\/\/www.muzej-nz-ce.si\/en\/wp-json\/wp\/v2\/users\/1"}],"replies":[{"embeddable":true,"href":"https:\/\/www.muzej-nz-ce.si\/en\/wp-json\/wp\/v2\/comments?post=26484"}],"version-history":[{"count":3,"href":"https:\/\/www.muzej-nz-ce.si\/en\/wp-json\/wp\/v2\/pages\/26484\/revisions"}],"predecessor-version":[{"id":69915,"href":"https:\/\/www.muzej-nz-ce.si\/en\/wp-json\/wp\/v2\/pages\/26484\/revisions\/69915"}],"wp:attachment":[{"href":"https:\/\/www.muzej-nz-ce.si\/en\/wp-json\/wp\/v2\/media?parent=26484"}],"curies":[{"name":"wp","href":"https:\/\/api.w.org\/{rel}","templated":true}]}}