{"id":26486,"date":"2019-03-04T11:35:18","date_gmt":"2019-03-04T10:35:18","guid":{"rendered":"https:\/\/www.muzej-nz-ce.si\/museum-council\/"},"modified":"2026-03-20T10:01:29","modified_gmt":"2026-03-20T09:01:29","slug":"museum-council","status":"publish","type":"page","link":"https:\/\/www.muzej-nz-ce.si\/en\/museum-council\/","title":{"rendered":"Museum council"},"content":{"rendered":"\t\t<div data-elementor-type=\"wp-page\" data-elementor-id=\"26486\" class=\"elementor elementor-26486 elementor-23236\" data-elementor-post-type=\"page\">\n\t\t\t\t<div class=\"elementor-element elementor-element-f4062ea e-flex e-con-boxed e-con e-parent\" data-id=\"f4062ea\" data-element_type=\"container\" data-e-type=\"container\" data-settings=\"{&quot;background_background&quot;:&quot;classic&quot;}\">\n\t\t\t\t\t<div class=\"e-con-inner\">\n\t\t<div class=\"elementor-element elementor-element-d901e98 e-con-full e-flex e-con e-child\" data-id=\"d901e98\" data-element_type=\"container\" data-e-type=\"container\">\n\t\t\t\t<div class=\"elementor-element elementor-element-3e57a9e elementor-widget elementor-widget-heading\" data-id=\"3e57a9e\" data-element_type=\"widget\" data-e-type=\"widget\" data-widget_type=\"heading.default\">\n\t\t\t\t<div class=\"elementor-widget-container\">\n\t\t\t\t\t<h2 class=\"elementor-heading-title elementor-size-default\">Museum council<\/h2>\t\t\t\t<\/div>\n\t\t\t\t<\/div>\n\t\t\t\t<\/div>\n\t\t\t\t\t<\/div>\n\t\t\t\t<\/div>\n\t\t<div class=\"elementor-element elementor-element-6c1d0f67 e-flex e-con-boxed e-con e-parent\" data-id=\"6c1d0f67\" data-element_type=\"container\" data-e-type=\"container\">\n\t\t\t\t\t<div class=\"e-con-inner\">\n\t\t\t\t<div class=\"elementor-element elementor-element-389ca749 elementor-widget elementor-widget-text-editor\" data-id=\"389ca749\" data-element_type=\"widget\" data-e-type=\"widget\" data-widget_type=\"text-editor.default\">\n\t\t\t\t<div class=\"elementor-widget-container\">\n\t\t\t\t\t\t\t\t\t<ul><li>Mojca Cepu\u0161 \u2013 (President of the council)<\/li><li>Sne\u017eana Delakorda<\/li><li>Marija Po\u010divav\u0161ek, PhD<\/li><li>Branko Verdev<\/li><li>Romana Zabret<\/li><li>Filip Zule<\/li><li>mag. Damir \u017deri\u010d<\/li><\/ul>\t\t\t\t\t\t\t\t<\/div>\n\t\t\t\t<\/div>\n\t\t\t\t\t<\/div>\n\t\t\t\t<\/div>\n\t\t\t\t<\/div>\n\t\t","protected":false},"excerpt":{"rendered":"<p>Mojca Cepu\u0161 \u2013 (President of the council) Sne\u017eana Delakorda Marija Po\u010divav\u0161ek, PhD Branko Verdev Romana Zabret Filip Zule mag. Damir \u017deri\u010d<\/p>\n","protected":false},"author":1,"featured_media":0,"parent":0,"menu_order":3,"comment_status":"closed","ping_status":"closed","template":"elementor_header_footer","meta":{"ngg_post_thumbnail":0,"footnotes":""},"class_list":["post-26486","page","type-page","status-publish","hentry"],"_links":{"self":[{"href":"https:\/\/www.muzej-nz-ce.si\/en\/wp-json\/wp\/v2\/pages\/26486","targetHints":{"allow":["GET"]}}],"collection":[{"href":"https:\/\/www.muzej-nz-ce.si\/en\/wp-json\/wp\/v2\/pages"}],"about":[{"href":"https:\/\/www.muzej-nz-ce.si\/en\/wp-json\/wp\/v2\/types\/page"}],"author":[{"embeddable":true,"href":"https:\/\/www.muzej-nz-ce.si\/en\/wp-json\/wp\/v2\/users\/1"}],"replies":[{"embeddable":true,"href":"https:\/\/www.muzej-nz-ce.si\/en\/wp-json\/wp\/v2\/comments?post=26486"}],"version-history":[{"count":6,"href":"https:\/\/www.muzej-nz-ce.si\/en\/wp-json\/wp\/v2\/pages\/26486\/revisions"}],"predecessor-version":[{"id":69921,"href":"https:\/\/www.muzej-nz-ce.si\/en\/wp-json\/wp\/v2\/pages\/26486\/revisions\/69921"}],"wp:attachment":[{"href":"https:\/\/www.muzej-nz-ce.si\/en\/wp-json\/wp\/v2\/media?parent=26486"}],"curies":[{"name":"wp","href":"https:\/\/api.w.org\/{rel}","templated":true}]}}