{"id":26506,"date":"2019-03-04T12:39:16","date_gmt":"2019-03-04T11:39:16","guid":{"rendered":"https:\/\/www.muzej-nz-ce.si\/links\/"},"modified":"2026-03-20T10:07:29","modified_gmt":"2026-03-20T09:07:29","slug":"links","status":"publish","type":"page","link":"https:\/\/www.muzej-nz-ce.si\/en\/links\/","title":{"rendered":"Links"},"content":{"rendered":"\t\t<div data-elementor-type=\"wp-page\" data-elementor-id=\"26506\" class=\"elementor elementor-26506 elementor-23321\" data-elementor-post-type=\"page\">\n\t\t\t\t<div class=\"elementor-element elementor-element-95b5560 e-flex e-con-boxed e-con e-parent\" data-id=\"95b5560\" data-element_type=\"container\" data-e-type=\"container\" data-settings=\"{&quot;background_background&quot;:&quot;classic&quot;}\">\n\t\t\t\t\t<div class=\"e-con-inner\">\n\t\t<div class=\"elementor-element elementor-element-7d7823a e-con-full e-flex e-con e-child\" data-id=\"7d7823a\" data-element_type=\"container\" data-e-type=\"container\">\n\t\t\t\t<div class=\"elementor-element elementor-element-e237ab4 elementor-widget elementor-widget-heading\" data-id=\"e237ab4\" data-element_type=\"widget\" data-e-type=\"widget\" data-widget_type=\"heading.default\">\n\t\t\t\t<div class=\"elementor-widget-container\">\n\t\t\t\t\t<h2 class=\"elementor-heading-title elementor-size-default\">Links<\/h2>\t\t\t\t<\/div>\n\t\t\t\t<\/div>\n\t\t\t\t<\/div>\n\t\t\t\t\t<\/div>\n\t\t\t\t<\/div>\n\t\t<div class=\"elementor-element elementor-element-1606aff2 e-flex e-con-boxed e-con e-parent\" data-id=\"1606aff2\" data-element_type=\"container\" data-e-type=\"container\">\n\t\t\t\t\t<div class=\"e-con-inner\">\n\t\t\t\t<div class=\"elementor-element elementor-element-42c0c3d1 elementor-widget elementor-widget-text-editor\" data-id=\"42c0c3d1\" data-element_type=\"widget\" data-e-type=\"widget\" data-widget_type=\"text-editor.default\">\n\t\t\t\t<div class=\"elementor-widget-container\">\n\t\t\t\t\t\t\t\t\t<ul>\r\n \t<li><a href=\"http:\/\/www.mk.gov.si\/\" target=\"_blank\" rel=\"noopener\">Ministrstvo za kulturo RS<\/a><\/li>\r\n \t<li><a href=\"http:\/\/moc.celje.si\/\" target=\"_blank\" rel=\"noopener\">Mestna ob\u010dina Celje<\/a><\/li>\r\n \t<li><a href=\"http:\/\/slovenia.icom.museum\/\" target=\"_blank\" rel=\"noopener\">ICOM Slovenija: Mednarodni muzejski svet<\/a><\/li>\r\n \t<li><a href=\"http:\/\/www.sms-muzeji.si\/\" target=\"_blank\" rel=\"noopener\">Skupnost muzejev Slovenije<\/a><\/li>\r\n \t<li><a href=\"http:\/\/www.smd-drustvo.si\/\" target=\"_blank\" rel=\"noopener\">Slovensko muzejsko dru\u0161tvo<\/a><\/li>\r\n \t<li><a href=\"http:\/\/www.ce.sik.si\/\" target=\"_blank\" rel=\"noopener\">Osrednja knji\u017enica Celje<\/a><\/li>\r\n \t<li><a href=\"http:\/\/www.pokmuz-ce.si\/\" target=\"_blank\" rel=\"noopener\">Pokrajinski muzej Celje<\/a><\/li>\r\n \t<li><a href=\"http:\/\/www.zac.si\/\" target=\"_blank\" rel=\"noopener\">Zgodovinski arhiv Celje<\/a><\/li>\r\n<\/ul>\r\n\t\t\t\t\t\t\t\t<\/div>\n\t\t\t\t<\/div>\n\t\t\t\t\t<\/div>\n\t\t\t\t<\/div>\n\t\t\t\t<\/div>\n\t\t","protected":false},"excerpt":{"rendered":"<p>Ministrstvo za kulturo RS Mestna ob\u010dina Celje ICOM Slovenija: Mednarodni muzejski svet Skupnost muzejev Slovenije Slovensko muzejsko dru\u0161tvo Osrednja knji\u017enica Celje Pokrajinski muzej Celje Zgodovinski arhiv Celje<\/p>\n","protected":false},"author":1,"featured_media":0,"parent":0,"menu_order":8,"comment_status":"closed","ping_status":"closed","template":"elementor_header_footer","meta":{"ngg_post_thumbnail":0,"footnotes":""},"class_list":["post-26506","page","type-page","status-publish","hentry"],"_links":{"self":[{"href":"https:\/\/www.muzej-nz-ce.si\/en\/wp-json\/wp\/v2\/pages\/26506","targetHints":{"allow":["GET"]}}],"collection":[{"href":"https:\/\/www.muzej-nz-ce.si\/en\/wp-json\/wp\/v2\/pages"}],"about":[{"href":"https:\/\/www.muzej-nz-ce.si\/en\/wp-json\/wp\/v2\/types\/page"}],"author":[{"embeddable":true,"href":"https:\/\/www.muzej-nz-ce.si\/en\/wp-json\/wp\/v2\/users\/1"}],"replies":[{"embeddable":true,"href":"https:\/\/www.muzej-nz-ce.si\/en\/wp-json\/wp\/v2\/comments?post=26506"}],"version-history":[{"count":12,"href":"https:\/\/www.muzej-nz-ce.si\/en\/wp-json\/wp\/v2\/pages\/26506\/revisions"}],"predecessor-version":[{"id":69933,"href":"https:\/\/www.muzej-nz-ce.si\/en\/wp-json\/wp\/v2\/pages\/26506\/revisions\/69933"}],"wp:attachment":[{"href":"https:\/\/www.muzej-nz-ce.si\/en\/wp-json\/wp\/v2\/media?parent=26506"}],"curies":[{"name":"wp","href":"https:\/\/api.w.org\/{rel}","templated":true}]}}