{"id":28196,"date":"2019-01-22T11:22:42","date_gmt":"2019-01-22T10:22:42","guid":{"rendered":"https:\/\/www.muzej-nz-ce.si\/?page_id=28196"},"modified":"2026-03-20T10:16:16","modified_gmt":"2026-03-20T09:16:16","slug":"permanent-exhibitions","status":"publish","type":"page","link":"https:\/\/www.muzej-nz-ce.si\/en\/permanent-exhibitions\/","title":{"rendered":"Permanent Exhibitions"},"content":{"rendered":"\t\t<div data-elementor-type=\"wp-page\" data-elementor-id=\"28196\" class=\"elementor elementor-28196 elementor-23224\" data-elementor-post-type=\"page\">\n\t\t\t\t<div class=\"elementor-element elementor-element-a51af9a e-flex e-con-boxed e-con e-parent\" data-id=\"a51af9a\" data-element_type=\"container\" data-e-type=\"container\" data-settings=\"{&quot;background_background&quot;:&quot;classic&quot;}\">\n\t\t\t\t\t<div class=\"e-con-inner\">\n\t\t<div class=\"elementor-element elementor-element-db91b26 e-con-full e-flex e-con e-child\" data-id=\"db91b26\" data-element_type=\"container\" data-e-type=\"container\">\n\t\t\t\t<div class=\"elementor-element elementor-element-44feb65 elementor-widget elementor-widget-heading\" data-id=\"44feb65\" data-element_type=\"widget\" data-e-type=\"widget\" data-widget_type=\"heading.default\">\n\t\t\t\t<div class=\"elementor-widget-container\">\n\t\t\t\t\t<h2 class=\"elementor-heading-title elementor-size-default\">Permanent Exhibitions<\/h2>\t\t\t\t<\/div>\n\t\t\t\t<\/div>\n\t\t\t\t<\/div>\n\t\t\t\t\t<\/div>\n\t\t\t\t<\/div>\n\t\t<div class=\"elementor-element elementor-element-4e772fa2 e-flex e-con-boxed e-con e-parent\" data-id=\"4e772fa2\" data-element_type=\"container\" data-e-type=\"container\">\n\t\t\t\t\t<div class=\"e-con-inner\">\n\t\t\t\t<div class=\"elementor-element elementor-element-7fdf20f elementor-widget elementor-widget-shortcode\" data-id=\"7fdf20f\" data-element_type=\"widget\" data-e-type=\"widget\" data-widget_type=\"shortcode.default\">\n\t\t\t\t<div class=\"elementor-widget-container\">\n\t\t\t\t\t\t\t<div class=\"elementor-shortcode\"><!=========Events list Template 2.5.4=========><div id=\"ect-events-list-content\"><div id=\"list-wrp\" class=\"ect-list-wrapper stalna-razstava\"><div id=\"event-27892\" class=\"ect-list-post style-2 ect-simple-event future\"><div class=\"ect-list-post-left\"><a href=\"https:\/\/www.muzej-nz-ce.si\/en\/dogodek\/living-in-celje-story-of-everyday-life-of-the-town-and-its-inhabitants-in-the-20th-century\/\" class=\"ect-list-img-link\"><div class=\"ect-list-img\" style=\"background-image:url(&#039;https:\/\/www.muzej-nz-ce.si\/wp-content\/uploads\/2025\/06\/ziveti-v-celju-13.jpg&#039;);background-size:cover;background-position:bottom center;\"><\/div><\/a><!-- left-post close --><div class=\"ect-share-wrapper\"><i class=\"ect-icon-share\"><\/i><div class=\"ect-social-share-list\"><a class=\"ect-share-link\" href=\"https:\/\/www.facebook.com\/sharer\/sharer.php?u=https:\/\/www.muzej-nz-ce.si\/en\/dogodek\/living-in-celje-story-of-everyday-life-of-the-town-and-its-inhabitants-in-the-20th-century\/\" target=\"_blank\" title=\"Facebook\"><i class=\"ect-icon-facebook\"><\/i><\/a><a class=\"ect-share-link\" href=\"https:\/\/twitter.com\/intent\/tweet?text=living-in-celje-story-of-everyday-life-of-the-town-and-its-inhabitants-in-the-20th-century&#038;url=https:\/\/www.muzej-nz-ce.si\/en\/dogodek\/living-in-celje-story-of-everyday-life-of-the-town-and-its-inhabitants-in-the-20th-century\/\" target=\"_blank\" title=\"Twitter\"><i class=\"ect-icon-twitter\"><\/i><\/a><a class=\"ect-share-link\" href=\"http:\/\/www.linkedin.com\/shareArticle?mini=true&#038;url=https:\/\/www.muzej-nz-ce.si\/en\/dogodek\/living-in-celje-story-of-everyday-life-of-the-town-and-its-inhabitants-in-the-20th-century\/\" target=\"_blank\" title=\"Linkedin\"><i class=\"ect-icon-linkedin\"><\/i><\/a><a class=\"ect-email\" href=\"mailto:?Subject=living-in-celje-story-of-everyday-life-of-the-town-and-its-inhabitants-in-the-20th-century&#038;Body=https:\/\/www.muzej-nz-ce.si\/en\/dogodek\/living-in-celje-story-of-everyday-life-of-the-town-and-its-inhabitants-in-the-20th-century\/\"><i class=\"ect-icon-mail\"><\/i><\/a><a class=\"ect-share-link\" href=\"https:\/\/web.whatsapp.com\/send\/?text=living-in-celje-story-of-everyday-life-of-the-town-and-its-inhabitants-in-the-20th-century%20https:\/\/www.muzej-nz-ce.si\/en\/dogodek\/living-in-celje-story-of-everyday-life-of-the-town-and-its-inhabitants-in-the-20th-century\/\" target=\"_blank\" title=\"WhatsApp\"><i class=\"ect-icon-whatsapp\"><\/i><\/a><\/div><\/div><\/div><div class=\"ect-list-post-right\">\n\t\t\t\t<div class=\"ect-list-post-right-table\">\n\t\t\t\t<div class=\"ect-list-description\">\n\t\t\t\t<h2 class=\"ect-list-title\"><a class=\"ect-event-url\" href=\"https:\/\/www.muzej-nz-ce.si\/en\/dogodek\/living-in-celje-story-of-everyday-life-of-the-town-and-its-inhabitants-in-the-20th-century\/\" rel=\"bookmark\">Living in Celje: story of everyday life of the town and its inhabitants in the 20th century<\/a><\/h2><!-- Event Content --><div class=\"ect-event-content\"><p>Stalna razstava \u017diveti v Celju je svojevrsten spomenik mestu ob Savinji. Pripoveduje zgodbo o \u017eivljenju mesta in njegovih prebivalcev v 20. stoletju ter prikazuje utrip minulega vsakdana in o\u017eivlja duh [&hellip;]<\/p>\n<\/div><a href=\"https:\/\/www.muzej-nz-ce.si\/en\/dogodek\/living-in-celje-story-of-everyday-life-of-the-town-and-its-inhabitants-in-the-20th-century\/\" class=\"ect-events-read-more\" rel=\"bookmark\">Find out more<\/a><\/div><div class=\"modern-list-right-side\">\n\t\t\t\t<div class=\"ect-list-date\"><div class=\"ect-date-area default-schedule\"><span class=\"ev-day\">31<\/span>\n\t\t\t\t\t<span class=\"ev-mo\">May<\/span>\n\t\t\t\t\t<span class=\"ev-yr\">2025<\/span><\/div><\/div><div class=\"ect-list-venue default-venue\"><span class=\"ect-icon\"><i class=\"ect-icon-location\"><\/i><\/span><!-- Event Venue Info -->\n\t\t\t\t\t\t\t<span class=\"ect-venue-details ect-address\">\n\t\t\t\t\t\t\t<div><a href=\"https:\/\/www.muzej-nz-ce.si\/venue\/muzej-novejse-zgodovine-celje\/\" title=\"Muzej novej\u0161e zgodovine Celje\">Muzej novej\u0161e zgodovine Celje<\/a>,<span class=\"tribe-address\">\n\n<span class=\"tribe-street-address\">Pre\u0161ernova ulica 17<\/span>\n\t\n\t\t<br>\n\t\t<span class=\"tribe-locality\">Celje<\/span><span class=\"tribe-delimiter\">,<\/span>\n\n\t<abbr class=\"tribe-region tribe-events-abbr\" title=\"Slovenija\">Slovenija<\/abbr>\n\n\t<span class=\"tribe-postal-code\">3000<\/span>\n\n\t<span class=\"tribe-country-name\">Slovenia<\/span>\n\n<\/span>\n<\/div><span class=\"ect-google\"><a class=\"tribe-events-gmap\" href=\"https:\/\/maps.google.com\/maps?f=q&#038;source=s_q&#038;hl=en&#038;geocode=&#038;q=Pre%C5%A1ernova+ulica+17+Celje+Slovenija+3000+Slovenia\" title=\"Click to view a Google Map\" target=\"_blank\" rel=\"noreferrer noopener\">+ Google Map<\/a><\/span><\/span><\/div><\/div>\n\t\t\t\t<\/div>\n\t\t\t\t<\/div><!-- right-wrapper close -->\n\t\t\t\t<\/div><!-- event-loop-end --><div id=\"event-27961\" class=\"ect-list-post style-2 ect-simple-event future\"><div class=\"ect-list-post-left\"><a href=\"https:\/\/www.muzej-nz-ce.si\/en\/dogodek\/childrens-museum-hermans-den-a-childrens-museum-and-a-space-for-childrens-creativity\/\" class=\"ect-list-img-link\"><div class=\"ect-list-img\" style=\"background-image:url(&#039;https:\/\/www.muzej-nz-ce.si\/wp-content\/uploads\/2025\/11\/herman-prijatelj.jpg&#039;);background-size:cover;background-position:bottom center;\"><\/div><\/a><!-- left-post close --><div class=\"ect-share-wrapper\"><i class=\"ect-icon-share\"><\/i><div class=\"ect-social-share-list\"><a class=\"ect-share-link\" href=\"https:\/\/www.facebook.com\/sharer\/sharer.php?u=https:\/\/www.muzej-nz-ce.si\/en\/dogodek\/childrens-museum-hermans-den-a-childrens-museum-and-a-space-for-childrens-creativity\/\" target=\"_blank\" title=\"Facebook\"><i class=\"ect-icon-facebook\"><\/i><\/a><a class=\"ect-share-link\" href=\"https:\/\/twitter.com\/intent\/tweet?text=childrens-museum-hermans-den-a-childrens-museum-and-a-space-for-childrens-creativity&#038;url=https:\/\/www.muzej-nz-ce.si\/en\/dogodek\/childrens-museum-hermans-den-a-childrens-museum-and-a-space-for-childrens-creativity\/\" target=\"_blank\" title=\"Twitter\"><i class=\"ect-icon-twitter\"><\/i><\/a><a class=\"ect-share-link\" href=\"http:\/\/www.linkedin.com\/shareArticle?mini=true&#038;url=https:\/\/www.muzej-nz-ce.si\/en\/dogodek\/childrens-museum-hermans-den-a-childrens-museum-and-a-space-for-childrens-creativity\/\" target=\"_blank\" title=\"Linkedin\"><i class=\"ect-icon-linkedin\"><\/i><\/a><a class=\"ect-email\" href=\"mailto:?Subject=childrens-museum-hermans-den-a-childrens-museum-and-a-space-for-childrens-creativity&#038;Body=https:\/\/www.muzej-nz-ce.si\/en\/dogodek\/childrens-museum-hermans-den-a-childrens-museum-and-a-space-for-childrens-creativity\/\"><i class=\"ect-icon-mail\"><\/i><\/a><a class=\"ect-share-link\" href=\"https:\/\/web.whatsapp.com\/send\/?text=childrens-museum-hermans-den-a-childrens-museum-and-a-space-for-childrens-creativity%20https:\/\/www.muzej-nz-ce.si\/en\/dogodek\/childrens-museum-hermans-den-a-childrens-museum-and-a-space-for-childrens-creativity\/\" target=\"_blank\" title=\"WhatsApp\"><i class=\"ect-icon-whatsapp\"><\/i><\/a><\/div><\/div><\/div><div class=\"ect-list-post-right\">\n\t\t\t\t<div class=\"ect-list-post-right-table\">\n\t\t\t\t<div class=\"ect-list-description\">\n\t\t\t\t<h2 class=\"ect-list-title\"><a class=\"ect-event-url\" href=\"https:\/\/www.muzej-nz-ce.si\/en\/dogodek\/childrens-museum-hermans-den-a-childrens-museum-and-a-space-for-childrens-creativity\/\" rel=\"bookmark\">Children\u2019s museum Herman\u2019s den: a children\u2019s museum and a space for children\u2019s creativity<\/a><\/h2><!-- Event Content --><div class=\"ect-event-content\"><p>Open: Tuesday \u2013 Friday: 9 am \u2013 5 pm Saturday: 9 am \u2013 1 pm Sunday: 2 pm \u2013 6 pm Since 1995, the only children\u2019s museum in Slovenia has [&hellip;]<\/p>\n<\/div><a href=\"https:\/\/www.muzej-nz-ce.si\/en\/dogodek\/childrens-museum-hermans-den-a-childrens-museum-and-a-space-for-childrens-creativity\/\" class=\"ect-events-read-more\" rel=\"bookmark\">Find out more<\/a><\/div><div class=\"modern-list-right-side\">\n\t\t\t\t<div class=\"ect-list-date\"><div class=\"ect-date-area default-schedule\"><span class=\"ev-day\">01<\/span>\n\t\t\t\t\t<span class=\"ev-mo\">June<\/span>\n\t\t\t\t\t<span class=\"ev-yr\">2025<\/span><\/div><\/div><div class=\"ect-list-venue default-venue\"><span class=\"ect-icon\"><i class=\"ect-icon-location\"><\/i><\/span><!-- Event Venue Info -->\n\t\t\t\t\t\t\t<span class=\"ect-venue-details ect-address\">\n\t\t\t\t\t\t\t<div><a href=\"https:\/\/www.muzej-nz-ce.si\/venue\/otroski-muzej-hermanov-brlog\/\" title=\"Otro\u0161ki muzej Hermanov brlog\">Otro\u0161ki muzej Hermanov brlog<\/a>,<span class=\"tribe-address\">\n\n<span class=\"tribe-street-address\">Pre\u0161ernova ulica 17<\/span>\n\t\n\t\t<br>\n\t\t<span class=\"tribe-locality\">3000 Celje<\/span><span class=\"tribe-delimiter\">,<\/span>\n\n\n\n\t<span class=\"tribe-country-name\">Slovenia<\/span>\n\n<\/span>\n<\/div><span class=\"ect-google\"><a class=\"tribe-events-gmap\" href=\"https:\/\/maps.google.com\/maps?f=q&#038;source=s_q&#038;hl=en&#038;geocode=&#038;q=Pre%C5%A1ernova+ulica+17+3000+Celje+Slovenia\" title=\"Click to view a Google Map\" target=\"_blank\" rel=\"noreferrer noopener\">+ Google Map<\/a><\/span><\/span><\/div><\/div>\n\t\t\t\t<\/div>\n\t\t\t\t<\/div><!-- right-wrapper close -->\n\t\t\t\t<\/div><!-- event-loop-end --><div id=\"event-27966\" class=\"ect-list-post style-2 ect-simple-event future\"><div class=\"ect-list-post-left\"><a href=\"https:\/\/www.muzej-nz-ce.si\/en\/dogodek\/photo-house-pelikan\/\" class=\"ect-list-img-link\"><div class=\"ect-list-img\" style=\"background-image:url(&#039;https:\/\/www.muzej-nz-ce.si\/wp-content\/uploads\/2026\/02\/fotoatelje-in-galerija-pelikan-home-slika-1.jpg&#039;);background-size:cover;background-position:bottom center;\"><\/div><\/a><!-- left-post close --><div class=\"ect-share-wrapper\"><i class=\"ect-icon-share\"><\/i><div class=\"ect-social-share-list\"><a class=\"ect-share-link\" href=\"https:\/\/www.facebook.com\/sharer\/sharer.php?u=https:\/\/www.muzej-nz-ce.si\/en\/dogodek\/photo-house-pelikan\/\" target=\"_blank\" title=\"Facebook\"><i class=\"ect-icon-facebook\"><\/i><\/a><a class=\"ect-share-link\" href=\"https:\/\/twitter.com\/intent\/tweet?text=photo-house-pelikan&#038;url=https:\/\/www.muzej-nz-ce.si\/en\/dogodek\/photo-house-pelikan\/\" target=\"_blank\" title=\"Twitter\"><i class=\"ect-icon-twitter\"><\/i><\/a><a class=\"ect-share-link\" href=\"http:\/\/www.linkedin.com\/shareArticle?mini=true&#038;url=https:\/\/www.muzej-nz-ce.si\/en\/dogodek\/photo-house-pelikan\/\" target=\"_blank\" title=\"Linkedin\"><i class=\"ect-icon-linkedin\"><\/i><\/a><a class=\"ect-email\" href=\"mailto:?Subject=photo-house-pelikan&#038;Body=https:\/\/www.muzej-nz-ce.si\/en\/dogodek\/photo-house-pelikan\/\"><i class=\"ect-icon-mail\"><\/i><\/a><a class=\"ect-share-link\" href=\"https:\/\/web.whatsapp.com\/send\/?text=photo-house-pelikan%20https:\/\/www.muzej-nz-ce.si\/en\/dogodek\/photo-house-pelikan\/\" target=\"_blank\" title=\"WhatsApp\"><i class=\"ect-icon-whatsapp\"><\/i><\/a><\/div><\/div><\/div><div class=\"ect-list-post-right\">\n\t\t\t\t<div class=\"ect-list-post-right-table\">\n\t\t\t\t<div class=\"ect-list-description\">\n\t\t\t\t<h2 class=\"ect-list-title\"><a class=\"ect-event-url\" href=\"https:\/\/www.muzej-nz-ce.si\/en\/dogodek\/photo-house-pelikan\/\" rel=\"bookmark\">Photo house Pelikan<\/a><\/h2><!-- Event Content --><div class=\"ect-event-content\"><p>Razlagova Street 5, Celje OPENING HOURS: Photo house Pelikan can only be visited at previously announced times: every Tuesday at 10 a.m., 12 p.m. and 4 p.m., every Saturday at [&hellip;]<\/p>\n<\/div><a href=\"https:\/\/www.muzej-nz-ce.si\/en\/dogodek\/photo-house-pelikan\/\" class=\"ect-events-read-more\" rel=\"bookmark\">Find out more<\/a><\/div><div class=\"modern-list-right-side\">\n\t\t\t\t<div class=\"ect-list-date\"><div class=\"ect-date-area default-schedule\"><span class=\"ev-day\">01<\/span>\n\t\t\t\t\t<span class=\"ev-mo\">January<\/span>\n\t\t\t\t\t<span class=\"ev-yr\">2026<\/span><\/div><\/div><div class=\"ect-list-venue default-venue\"><span class=\"ect-icon\"><i class=\"ect-icon-location\"><\/i><\/span><!-- Event Venue Info -->\n\t\t\t\t\t\t\t<span class=\"ect-venue-details ect-address\">\n\t\t\t\t\t\t\t<div><a href=\"https:\/\/www.muzej-nz-ce.si\/venue\/fotohisa-pelikan\/\" title=\"Fotohi\u0161a Pelikan\">Fotohi\u0161a Pelikan<\/a>,<span class=\"tribe-address\">\n\n<span class=\"tribe-street-address\">Razlagova ulica 5<\/span>\n\t\n\t\t<br>\n\t\t<span class=\"tribe-locality\">3000 Celje<\/span><span class=\"tribe-delimiter\">,<\/span>\n\n\n\n\t<span class=\"tribe-country-name\">Slovenia<\/span>\n\n<\/span>\n<\/div><span class=\"ect-google\"><a class=\"tribe-events-gmap\" href=\"https:\/\/maps.google.com\/maps?f=q&#038;source=s_q&#038;hl=en&#038;geocode=&#038;q=Razlagova+ulica+5+3000+Celje+Slovenia\" title=\"Click to view a Google Map\" target=\"_blank\" rel=\"noreferrer noopener\">+ Google Map<\/a><\/span><\/span><\/div><\/div>\n\t\t\t\t<\/div>\n\t\t\t\t<\/div><!-- right-wrapper close -->\n\t\t\t\t<\/div><!-- event-loop-end --><div id=\"event-28259\" class=\"ect-list-post style-2 ect-simple-event future\"><div class=\"ect-list-post-left\"><a href=\"https:\/\/www.muzej-nz-ce.si\/en\/dogodek\/stari-pisker-the-memorial-space-for-the-victims-of-nazi-violence\/\" class=\"ect-list-img-link\"><div class=\"ect-list-img\" style=\"background-image:url(&#039;https:\/\/www.muzej-nz-ce.si\/wp-content\/uploads\/2026\/02\/stari-pisker.jpg&#039;);background-size:cover;background-position:bottom center;\"><\/div><\/a><!-- left-post close --><div class=\"ect-share-wrapper\"><i class=\"ect-icon-share\"><\/i><div class=\"ect-social-share-list\"><a class=\"ect-share-link\" href=\"https:\/\/www.facebook.com\/sharer\/sharer.php?u=https:\/\/www.muzej-nz-ce.si\/en\/dogodek\/stari-pisker-the-memorial-space-for-the-victims-of-nazi-violence\/\" target=\"_blank\" title=\"Facebook\"><i class=\"ect-icon-facebook\"><\/i><\/a><a class=\"ect-share-link\" href=\"https:\/\/twitter.com\/intent\/tweet?text=stari-pisker-the-memorial-space-for-the-victims-of-nazi-violence&#038;url=https:\/\/www.muzej-nz-ce.si\/en\/dogodek\/stari-pisker-the-memorial-space-for-the-victims-of-nazi-violence\/\" target=\"_blank\" title=\"Twitter\"><i class=\"ect-icon-twitter\"><\/i><\/a><a class=\"ect-share-link\" href=\"http:\/\/www.linkedin.com\/shareArticle?mini=true&#038;url=https:\/\/www.muzej-nz-ce.si\/en\/dogodek\/stari-pisker-the-memorial-space-for-the-victims-of-nazi-violence\/\" target=\"_blank\" title=\"Linkedin\"><i class=\"ect-icon-linkedin\"><\/i><\/a><a class=\"ect-email\" href=\"mailto:?Subject=stari-pisker-the-memorial-space-for-the-victims-of-nazi-violence&#038;Body=https:\/\/www.muzej-nz-ce.si\/en\/dogodek\/stari-pisker-the-memorial-space-for-the-victims-of-nazi-violence\/\"><i class=\"ect-icon-mail\"><\/i><\/a><a class=\"ect-share-link\" href=\"https:\/\/web.whatsapp.com\/send\/?text=stari-pisker-the-memorial-space-for-the-victims-of-nazi-violence%20https:\/\/www.muzej-nz-ce.si\/en\/dogodek\/stari-pisker-the-memorial-space-for-the-victims-of-nazi-violence\/\" target=\"_blank\" title=\"WhatsApp\"><i class=\"ect-icon-whatsapp\"><\/i><\/a><\/div><\/div><\/div><div class=\"ect-list-post-right\">\n\t\t\t\t<div class=\"ect-list-post-right-table\">\n\t\t\t\t<div class=\"ect-list-description\">\n\t\t\t\t<h2 class=\"ect-list-title\"><a class=\"ect-event-url\" href=\"https:\/\/www.muzej-nz-ce.si\/en\/dogodek\/stari-pisker-the-memorial-space-for-the-victims-of-nazi-violence\/\" rel=\"bookmark\">Stari pisker: the memorial space for the victims of Nazi violence<\/a><\/h2><!-- Event Content --><div class=\"ect-event-content\"><p>Open: Tuesday \u2013 Saturday: 9 am \u2013 1 pm Upon advance notification (at least 48 hours) the museum is exceptionally open out of the opening hours. The Celje prison, in [&hellip;]<\/p>\n<\/div><a href=\"https:\/\/www.muzej-nz-ce.si\/en\/dogodek\/stari-pisker-the-memorial-space-for-the-victims-of-nazi-violence\/\" class=\"ect-events-read-more\" rel=\"bookmark\">Find out more<\/a><\/div><div class=\"modern-list-right-side\">\n\t\t\t\t<div class=\"ect-list-date\"><div class=\"ect-date-area default-schedule\"><span class=\"ev-day\">01<\/span>\n\t\t\t\t\t<span class=\"ev-mo\">January<\/span>\n\t\t\t\t\t<span class=\"ev-yr\">2026<\/span><\/div><\/div><div class=\"ect-list-venue default-venue\"><span class=\"ect-icon\"><i class=\"ect-icon-location\"><\/i><\/span><!-- Event Venue Info -->\n\t\t\t\t\t\t\t<span class=\"ect-venue-details ect-address\">\n\t\t\t\t\t\t\t<div><a href=\"https:\/\/www.muzej-nz-ce.si\/venue\/stari-pisker\/\" title=\"Stari Pisker\">Stari Pisker<\/a>,<span class=\"tribe-address\">\n\n<span class=\"tribe-street-address\">Pre\u0161ernova ulica 20<\/span>\n\t\n\t\t<br>\n\t\t<span class=\"tribe-locality\">Celje<\/span><span class=\"tribe-delimiter\">,<\/span>\n\n\n\t<span class=\"tribe-postal-code\">3000<\/span>\n\n\n<\/span>\n<\/div><span class=\"ect-google\"><a class=\"tribe-events-gmap\" href=\"https:\/\/maps.google.com\/maps?f=q&#038;source=s_q&#038;hl=en&#038;geocode=&#038;q=Pre%C5%A1ernova+ulica+20+Celje+3000\" title=\"Click to view a Google Map\" target=\"_blank\" rel=\"noreferrer noopener\">+ Google Map<\/a><\/span><\/span><\/div><\/div>\n\t\t\t\t<\/div>\n\t\t\t\t<\/div><!-- right-wrapper close -->\n\t\t\t\t<\/div><!-- event-loop-end --><div id=\"event-28258\" class=\"ect-list-post style-2 ect-simple-event future\"><div class=\"ect-list-post-left\"><a href=\"https:\/\/www.muzej-nz-ce.si\/en\/dogodek\/dentistry-collection-technical-heritage-of-slovenian-dentistry\/\" class=\"ect-list-img-link\"><div class=\"ect-list-img\" style=\"background-image:url(&#039;https:\/\/www.muzej-nz-ce.si\/wp-content\/uploads\/2026\/02\/Zobozdravstvena-zbirka-1-2.jpg&#039;);background-size:cover;background-position:bottom center;\"><\/div><\/a><!-- left-post close --><div class=\"ect-share-wrapper\"><i class=\"ect-icon-share\"><\/i><div class=\"ect-social-share-list\"><a class=\"ect-share-link\" href=\"https:\/\/www.facebook.com\/sharer\/sharer.php?u=https:\/\/www.muzej-nz-ce.si\/en\/dogodek\/dentistry-collection-technical-heritage-of-slovenian-dentistry\/\" target=\"_blank\" title=\"Facebook\"><i class=\"ect-icon-facebook\"><\/i><\/a><a class=\"ect-share-link\" href=\"https:\/\/twitter.com\/intent\/tweet?text=dentistry-collection-technical-heritage-of-slovenian-dentistry&#038;url=https:\/\/www.muzej-nz-ce.si\/en\/dogodek\/dentistry-collection-technical-heritage-of-slovenian-dentistry\/\" target=\"_blank\" title=\"Twitter\"><i class=\"ect-icon-twitter\"><\/i><\/a><a class=\"ect-share-link\" href=\"http:\/\/www.linkedin.com\/shareArticle?mini=true&#038;url=https:\/\/www.muzej-nz-ce.si\/en\/dogodek\/dentistry-collection-technical-heritage-of-slovenian-dentistry\/\" target=\"_blank\" title=\"Linkedin\"><i class=\"ect-icon-linkedin\"><\/i><\/a><a class=\"ect-email\" href=\"mailto:?Subject=dentistry-collection-technical-heritage-of-slovenian-dentistry&#038;Body=https:\/\/www.muzej-nz-ce.si\/en\/dogodek\/dentistry-collection-technical-heritage-of-slovenian-dentistry\/\"><i class=\"ect-icon-mail\"><\/i><\/a><a class=\"ect-share-link\" href=\"https:\/\/web.whatsapp.com\/send\/?text=dentistry-collection-technical-heritage-of-slovenian-dentistry%20https:\/\/www.muzej-nz-ce.si\/en\/dogodek\/dentistry-collection-technical-heritage-of-slovenian-dentistry\/\" target=\"_blank\" title=\"WhatsApp\"><i class=\"ect-icon-whatsapp\"><\/i><\/a><\/div><\/div><\/div><div class=\"ect-list-post-right\">\n\t\t\t\t<div class=\"ect-list-post-right-table\">\n\t\t\t\t<div class=\"ect-list-description\">\n\t\t\t\t<h2 class=\"ect-list-title\"><a class=\"ect-event-url\" href=\"https:\/\/www.muzej-nz-ce.si\/en\/dogodek\/dentistry-collection-technical-heritage-of-slovenian-dentistry\/\" rel=\"bookmark\">Dentistry collection: technical heritage of Slovenian dentistry<\/a><\/h2><!-- Event Content --><div class=\"ect-event-content\"><p>Open: Tuesday \u2013 Friday: 9 am \u2013 5 pm Saturday: 9 am \u2013 1 pm Sunday: 2 pm \u2013 6 pm Dentistry collection is temporarily CLOSED until further notice! The [&hellip;]<\/p>\n<\/div><a href=\"https:\/\/www.muzej-nz-ce.si\/en\/dogodek\/dentistry-collection-technical-heritage-of-slovenian-dentistry\/\" class=\"ect-events-read-more\" rel=\"bookmark\">Find out more<\/a><\/div><div class=\"modern-list-right-side\">\n\t\t\t\t<div class=\"ect-list-date\"><div class=\"ect-date-area default-schedule\"><span class=\"ev-day\">01<\/span>\n\t\t\t\t\t<span class=\"ev-mo\">January<\/span>\n\t\t\t\t\t<span class=\"ev-yr\">2026<\/span><\/div><\/div><div class=\"ect-list-venue default-venue\"><span class=\"ect-icon\"><i class=\"ect-icon-location\"><\/i><\/span><!-- Event Venue Info -->\n\t\t\t\t\t\t\t<span class=\"ect-venue-details ect-address\">\n\t\t\t\t\t\t\t<div><a href=\"https:\/\/www.muzej-nz-ce.si\/venue\/muzej-novejse-zgodovine-celje\/\" title=\"Muzej novej\u0161e zgodovine Celje\">Muzej novej\u0161e zgodovine Celje<\/a>,<span class=\"tribe-address\">\n\n<span class=\"tribe-street-address\">Pre\u0161ernova ulica 17<\/span>\n\t\n\t\t<br>\n\t\t<span class=\"tribe-locality\">Celje<\/span><span class=\"tribe-delimiter\">,<\/span>\n\n\t<abbr class=\"tribe-region tribe-events-abbr\" title=\"Slovenija\">Slovenija<\/abbr>\n\n\t<span class=\"tribe-postal-code\">3000<\/span>\n\n\t<span class=\"tribe-country-name\">Slovenia<\/span>\n\n<\/span>\n<\/div><span class=\"ect-google\"><a class=\"tribe-events-gmap\" href=\"https:\/\/maps.google.com\/maps?f=q&#038;source=s_q&#038;hl=en&#038;geocode=&#038;q=Pre%C5%A1ernova+ulica+17+Celje+Slovenija+3000+Slovenia\" title=\"Click to view a Google Map\" target=\"_blank\" rel=\"noreferrer noopener\">+ Google Map<\/a><\/span><\/span><\/div><\/div>\n\t\t\t\t<\/div>\n\t\t\t\t<\/div><!-- right-wrapper close -->\n\t\t\t\t<\/div><!-- event-loop-end --><\/div><\/div><\/div>\n\t\t\t\t\t\t<\/div>\n\t\t\t\t<\/div>\n\t\t\t\t\t<\/div>\n\t\t\t\t<\/div>\n\t\t\t\t<\/div>\n\t\t","protected":false},"excerpt":{"rendered":"","protected":false},"author":1,"featured_media":25699,"parent":0,"menu_order":0,"comment_status":"closed","ping_status":"closed","template":"elementor_header_footer","meta":{"ngg_post_thumbnail":0,"footnotes":""},"class_list":["post-28196","page","type-page","status-publish","has-post-thumbnail","hentry","cat_permanent-exhibitions"],"_links":{"self":[{"href":"https:\/\/www.muzej-nz-ce.si\/en\/wp-json\/wp\/v2\/pages\/28196","targetHints":{"allow":["GET"]}}],"collection":[{"href":"https:\/\/www.muzej-nz-ce.si\/en\/wp-json\/wp\/v2\/pages"}],"about":[{"href":"https:\/\/www.muzej-nz-ce.si\/en\/wp-json\/wp\/v2\/types\/page"}],"author":[{"embeddable":true,"href":"https:\/\/www.muzej-nz-ce.si\/en\/wp-json\/wp\/v2\/users\/1"}],"replies":[{"embeddable":true,"href":"https:\/\/www.muzej-nz-ce.si\/en\/wp-json\/wp\/v2\/comments?post=28196"}],"version-history":[{"count":10,"href":"https:\/\/www.muzej-nz-ce.si\/en\/wp-json\/wp\/v2\/pages\/28196\/revisions"}],"predecessor-version":[{"id":69963,"href":"https:\/\/www.muzej-nz-ce.si\/en\/wp-json\/wp\/v2\/pages\/28196\/revisions\/69963"}],"wp:featuredmedia":[{"embeddable":true,"href":"https:\/\/www.muzej-nz-ce.si\/en\/wp-json\/wp\/v2\/media\/25699"}],"wp:attachment":[{"href":"https:\/\/www.muzej-nz-ce.si\/en\/wp-json\/wp\/v2\/media?parent=28196"}],"curies":[{"name":"wp","href":"https:\/\/api.w.org\/{rel}","templated":true}]}}