{"id":27338,"date":"2025-11-10T10:19:33","date_gmt":"2025-11-10T09:19:33","guid":{"rendered":"https:\/\/www.muzej-nz-ce.si\/?post_type=product&#038;p=27338"},"modified":"2026-02-19T08:06:34","modified_gmt":"2026-02-19T07:06:34","slug":"fotografiranje-pri-pelikanu","status":"publish","type":"product","link":"https:\/\/www.muzej-nz-ce.si\/en\/izdelek\/fotografiranje-pri-pelikanu\/","title":{"rendered":"Fotografiranje pri Pelikanu"},"content":{"rendered":"<p><strong>Po predhodnem dogovoru (najmanj 24 ur prej na telefonsko \u0161tevilko 03 428 64 28)<\/strong> lahko obiskovalci v steklenem salonu Fotohi\u0161e Pelikan izkoristijo enkratno mo\u017enost individualnega ali skupinskega portretnega fotografiranja. In to v prostorih in pred scenami, kjer je dolga leta na fotografski papir mojstrsko bele\u017eil portrete znani celjski fotograf Josip Pelikan.<\/p>\n<p>Ob fotografiranju si lahko portretiranci izposodijo kostume z za\u010detka 20. stoletja, da je podoba tonirane fotografije \u0161e bolj avtenti\u010dna, spomine pa lahko obiskovalci tudi podarijo \u2013 z darilnimi boni za umetni\u0161ko fotografiranje v steklenem ateljeju.<\/p>\n","protected":false},"excerpt":{"rendered":"<p>Po predhodnem dogovoru (najmanj 24 ur prej na telefonsko \u0161tevilko 03 428 64 28) lahko obiskovalci v steklenem salonu Fotohi\u0161e Pelikan izkoristijo enkratno mo\u017enost individualnega ali skupinskega portretnega fotografiranja. In [&hellip;]<\/p>\n","protected":false},"featured_media":27625,"template":"","meta":{"ngg_post_thumbnail":0},"product_brand":[],"product_cat":[707],"product_tag":[],"class_list":{"0":"post-27338","1":"product","2":"type-product","3":"status-publish","4":"has-post-thumbnail","6":"product_cat-vstopnice","8":"first","9":"instock","10":"shipping-taxable","11":"purchasable","12":"product-type-variable"},"_links":{"self":[{"href":"https:\/\/www.muzej-nz-ce.si\/en\/wp-json\/wp\/v2\/product\/27338","targetHints":{"allow":["GET"]}}],"collection":[{"href":"https:\/\/www.muzej-nz-ce.si\/en\/wp-json\/wp\/v2\/product"}],"about":[{"href":"https:\/\/www.muzej-nz-ce.si\/en\/wp-json\/wp\/v2\/types\/product"}],"wp:featuredmedia":[{"embeddable":true,"href":"https:\/\/www.muzej-nz-ce.si\/en\/wp-json\/wp\/v2\/media\/27625"}],"wp:attachment":[{"href":"https:\/\/www.muzej-nz-ce.si\/en\/wp-json\/wp\/v2\/media?parent=27338"}],"wp:term":[{"taxonomy":"product_brand","embeddable":true,"href":"https:\/\/www.muzej-nz-ce.si\/en\/wp-json\/wp\/v2\/product_brand?post=27338"},{"taxonomy":"product_cat","embeddable":true,"href":"https:\/\/www.muzej-nz-ce.si\/en\/wp-json\/wp\/v2\/product_cat?post=27338"},{"taxonomy":"product_tag","embeddable":true,"href":"https:\/\/www.muzej-nz-ce.si\/en\/wp-json\/wp\/v2\/product_tag?post=27338"}],"curies":[{"name":"wp","href":"https:\/\/api.w.org\/{rel}","templated":true}]}}