{"id":70837,"date":"2026-04-16T09:50:18","date_gmt":"2026-04-16T07:50:18","guid":{"rendered":"https:\/\/www.muzej-nz-ce.si\/?post_type=product&#038;p=70837"},"modified":"2026-04-16T10:04:33","modified_gmt":"2026-04-16T08:04:33","slug":"skodelica-mpf","status":"publish","type":"product","link":"https:\/\/www.muzej-nz-ce.si\/en\/izdelek\/skodelica-mpf\/","title":{"rendered":"Skodelica MPF"},"content":{"rendered":"<p>Emajlirana namizna skodelica MPF, izdelal EMO Celje, premer 14 cm, ob razstavi Celje poje&nbsp;<\/p>\n<p>&nbsp;<\/p>\n<p><em>Zdrava emajlirana posoda: Kvalitetna emajlirana posoda, idealna za pripravo va\u0161ih najljub\u0161ih jedi.<\/em><\/p>\n<p><em>Prilagodljiva za vsa kuhali\u0161\u010da: Primerna za razli\u010dne vrste \u0161tedilnikov, vklju\u010dno z indukcijskimi plo\u0161\u010dami.<\/em><\/p>\n<p><em>Alergikom prijazna: Brez niklja, primerna tudi za ljudi s alergijami.<\/em><\/p>\n<p><em>Popolnoma higienska: 100% higiensko neopore\u010dna posoda, enostavna za \u010di\u0161\u010denje in vzdr\u017eevanje.<\/em><\/p>\n<p><em>Brez \u0161kodljivih premazov: Med segrevanjem se ne spro\u0161\u010dajo \u0161kodljive snovi.<\/em><\/p>\n<p><em>Ponosno slovensko: Izdelek slovenske proizvodnje, emajlirana posoda iz slovenske tovarne.&nbsp;<\/em><\/p>\n","protected":false},"excerpt":{"rendered":"<p>Emajlirana namizna skodelica MPF, izdelal EMO Celje, premer 14 cm&nbsp;<\/p>\n<p>&nbsp;<\/p>\n","protected":false},"featured_media":70838,"template":"","meta":{"ngg_post_thumbnail":0},"product_brand":[],"product_cat":[675],"product_tag":[820,819,818],"class_list":{"0":"post-70837","1":"product","2":"type-product","3":"status-publish","4":"has-post-thumbnail","6":"product_cat-ostalo","7":"product_tag-emo-posoda","8":"product_tag-mpf","9":"product_tag-namizna-skodelica","11":"first","12":"instock","13":"shipping-taxable","14":"purchasable","15":"product-type-simple"},"_links":{"self":[{"href":"https:\/\/www.muzej-nz-ce.si\/en\/wp-json\/wp\/v2\/product\/70837","targetHints":{"allow":["GET"]}}],"collection":[{"href":"https:\/\/www.muzej-nz-ce.si\/en\/wp-json\/wp\/v2\/product"}],"about":[{"href":"https:\/\/www.muzej-nz-ce.si\/en\/wp-json\/wp\/v2\/types\/product"}],"wp:featuredmedia":[{"embeddable":true,"href":"https:\/\/www.muzej-nz-ce.si\/en\/wp-json\/wp\/v2\/media\/70838"}],"wp:attachment":[{"href":"https:\/\/www.muzej-nz-ce.si\/en\/wp-json\/wp\/v2\/media?parent=70837"}],"wp:term":[{"taxonomy":"product_brand","embeddable":true,"href":"https:\/\/www.muzej-nz-ce.si\/en\/wp-json\/wp\/v2\/product_brand?post=70837"},{"taxonomy":"product_cat","embeddable":true,"href":"https:\/\/www.muzej-nz-ce.si\/en\/wp-json\/wp\/v2\/product_cat?post=70837"},{"taxonomy":"product_tag","embeddable":true,"href":"https:\/\/www.muzej-nz-ce.si\/en\/wp-json\/wp\/v2\/product_tag?post=70837"}],"curies":[{"name":"wp","href":"https:\/\/api.w.org\/{rel}","templated":true}]}}